{"id":813,"date":"2021-07-19T15:47:02","date_gmt":"2021-07-19T19:47:02","guid":{"rendered":"https:\/\/rusynsociety.com\/?page_id=813"},"modified":"2023-12-05T15:49:29","modified_gmt":"2023-12-05T21:49:29","slug":"about-rls","status":"publish","type":"page","link":"https:\/\/rusynsociety.com\/rul\/about-rls\/","title":{"rendered":"Za Nas"},"content":{"rendered":"<div data-elementor-type=\"wp-page\" data-elementor-id=\"813\" class=\"elementor elementor-813\" data-elementor-post-type=\"page\">\n\t\t\t\t\t\t<section class=\"elementor-section elementor-top-section elementor-element elementor-element-6a9bcfb elementor-section-boxed elementor-section-height-default elementor-section-height-default\" data-id=\"6a9bcfb\" data-element_type=\"section\" data-e-type=\"section\">\n\t\t\t\t\t\t<div class=\"elementor-container elementor-column-gap-default\">\n\t\t\t\t\t<div class=\"elementor-column elementor-col-100 elementor-top-column elementor-element elementor-element-b2b4d54\" data-id=\"b2b4d54\" data-element_type=\"column\" data-e-type=\"column\">\n\t\t\t<div class=\"elementor-widget-wrap elementor-element-populated\">\n\t\t\t\t\t\t<div class=\"elementor-element elementor-element-59ff190 elementor-widget elementor-widget-image\" data-id=\"59ff190\" data-element_type=\"widget\" data-e-type=\"widget\" data-widget_type=\"image.default\">\n\t\t\t\t<div class=\"elementor-widget-container\">\n\t\t\t\t\t\t\t\t\t\t\t\t\t\t\t<img fetchpriority=\"high\" decoding=\"async\" width=\"940\" height=\"573\" src=\"https:\/\/rusynsociety.com\/wp-content\/uploads\/2022\/02\/pexels-buy-dronephoto-3879244-e1701812074685.jpg\" class=\"attachment-large size-large wp-image-3373\" alt=\"\" \/>\t\t\t\t\t\t\t\t\t\t\t\t\t\t\t<\/div>\n\t\t\t\t<\/div>\n\t\t\t\t\t<\/div>\n\t\t<\/div>\n\t\t\t\t\t<\/div>\n\t\t<\/section>\n\t\t\t\t<section class=\"elementor-section elementor-top-section elementor-element elementor-element-9fae1b3 elementor-section-boxed elementor-section-height-default elementor-section-height-default\" data-id=\"9fae1b3\" data-element_type=\"section\" data-e-type=\"section\">\n\t\t\t\t\t\t<div class=\"elementor-container elementor-column-gap-default\">\n\t\t\t\t\t<div class=\"elementor-column elementor-col-100 elementor-top-column elementor-element elementor-element-09f3b07\" data-id=\"09f3b07\" data-element_type=\"column\" data-e-type=\"column\">\n\t\t\t<div class=\"elementor-widget-wrap elementor-element-populated\">\n\t\t\t\t\t\t<div class=\"elementor-element elementor-element-e9146f4 elementor-widget elementor-widget-text-editor\" data-id=\"e9146f4\" data-element_type=\"widget\" data-e-type=\"widget\" data-widget_type=\"text-editor.default\">\n\t\t\t\t<div class=\"elementor-widget-container\">\n\t\t\t\t\t\t\t\t\t<p class=\"translation-block\"><em>The Society for Rusyn Evolution<\/em> is a think tank founded in October 2020 by Starik Pollock.<\/p><p>Our mission at SRE is to help ignite and guide the development of Rusyn intellectual, creative, and political thought across the globe. In addition, we see ourselves as an integral part of the New Rusyn Decade. Our work is done through often many wildly different yet interconnected avenues of action. Some of these include empowering young promising intellectuals through fellowships, the creation of educational materials to help teach the next generation of leaders, the Jaziche translation project, and the continued open space for discussion through our op-ed section.<\/p><p>\u017deb\u0177 dosjahty tot\u0177 cili rozvoju pro rusynjsk\u0177j narod, tak\u0177j prostir musyt maty tverdo rusynjsk\u0177j charakter. Proto proponujeme sotrudnyctvo lem osobam rusynjskoho rodu, abo osobam z velyk\u0177m pry\u010dynkom do na\u0161oho narodu.<\/p><p class=\"translation-block\">Kid' cho\u010dete nas kontaktovaty jak medijna cy sponzor'ska organizacija, abo obernuty sja z dajak\u0177m yn\u0161\u0177m voprosom, prosyme vas napysaty nam na faq@rusynsociety.com.<\/p>\t\t\t\t\t\t\t\t<\/div>\n\t\t\t\t<\/div>\n\t\t\t\t\t<\/div>\n\t\t<\/div>\n\t\t\t\t\t<\/div>\n\t\t<\/section>\n\t\t\t\t<\/div>","protected":false},"excerpt":{"rendered":"<p>The Society for Rusyn Evolution is a think tank founded in October 2020 by Starik Pollock. Our mission [&hellip;]<\/p>\n","protected":false},"author":1,"featured_media":0,"parent":0,"menu_order":0,"comment_status":"closed","ping_status":"closed","template":"","meta":{"_acf_changed":false,"nf_dc_page":"","iawp_total_views":51,"footnotes":""},"class_list":["post-813","page","type-page","status-publish","hentry"],"acf":[],"yoast_head":"<!-- This site is optimized with the Yoast SEO plugin v27.2 - https:\/\/yoast.com\/product\/yoast-seo-wordpress\/ -->\n<title>About - The Society for Rusyn Evolution<\/title>\n<meta name=\"robots\" content=\"index, follow, max-snippet:-1, max-image-preview:large, max-video-preview:-1\" \/>\n<link rel=\"canonical\" href=\"https:\/\/rusynsociety.com\/rul\/about-rls\/\" \/>\n<meta property=\"og:locale\" content=\"ru_RU\" \/>\n<meta property=\"og:type\" content=\"article\" \/>\n<meta property=\"og:title\" content=\"About - The Society for Rusyn Evolution\" \/>\n<meta property=\"og:description\" content=\"The Society for Rusyn Evolution is a think tank founded in October 2020 by Starik Pollock. Our mission [&hellip;]\" \/>\n<meta property=\"og:url\" content=\"https:\/\/rusynsociety.com\/rul\/about-rls\/\" \/>\n<meta property=\"og:site_name\" content=\"The Society for Rusyn Evolution\" \/>\n<meta property=\"article:publisher\" content=\"https:\/\/www.facebook.com\/rusynsociety\" \/>\n<meta property=\"article:modified_time\" content=\"2023-12-05T21:49:29+00:00\" \/>\n<meta property=\"og:image\" content=\"https:\/\/rusynsociety.com\/wp-content\/uploads\/2022\/02\/pexels-buy-dronephoto-3879244-e1701812074685.jpg\" \/>\n<meta name=\"twitter:card\" content=\"summary_large_image\" \/>\n<meta name=\"twitter:site\" content=\"@rusyn_society\" \/>\n<meta name=\"twitter:label1\" content=\"Est. reading time\" \/>\n\t<meta name=\"twitter:data1\" content=\"2 minutes\" \/>\n<script type=\"application\/ld+json\" class=\"yoast-schema-graph\">{\"@context\":\"https:\/\/schema.org\",\"@graph\":[{\"@type\":\"WebPage\",\"@id\":\"https:\/\/rusynsociety.com\/about-rls\/\",\"url\":\"https:\/\/rusynsociety.com\/about-rls\/\",\"name\":\"About - The Society for Rusyn Evolution\",\"isPartOf\":{\"@id\":\"https:\/\/rusynsociety.com\/#website\"},\"primaryImageOfPage\":{\"@id\":\"https:\/\/rusynsociety.com\/about-rls\/#primaryimage\"},\"image\":{\"@id\":\"https:\/\/rusynsociety.com\/about-rls\/#primaryimage\"},\"thumbnailUrl\":\"https:\/\/rusynsociety.com\/wp-content\/uploads\/2022\/02\/pexels-buy-dronephoto-3879244-e1701812074685.jpg\",\"datePublished\":\"2021-07-19T19:47:02+00:00\",\"dateModified\":\"2023-12-05T21:49:29+00:00\",\"breadcrumb\":{\"@id\":\"https:\/\/rusynsociety.com\/about-rls\/#breadcrumb\"},\"inLanguage\":\"rul\",\"potentialAction\":[{\"@type\":\"ReadAction\",\"target\":[\"https:\/\/rusynsociety.com\/about-rls\/\"]}]},{\"@type\":\"ImageObject\",\"inLanguage\":\"rul\",\"@id\":\"https:\/\/rusynsociety.com\/about-rls\/#primaryimage\",\"url\":\"https:\/\/rusynsociety.com\/wp-content\/uploads\/2022\/02\/pexels-buy-dronephoto-3879244-e1701812074685.jpg\",\"contentUrl\":\"https:\/\/rusynsociety.com\/wp-content\/uploads\/2022\/02\/pexels-buy-dronephoto-3879244-e1701812074685.jpg\"},{\"@type\":\"BreadcrumbList\",\"@id\":\"https:\/\/rusynsociety.com\/about-rls\/#breadcrumb\",\"itemListElement\":[{\"@type\":\"ListItem\",\"position\":1,\"name\":\"Home\",\"item\":\"https:\/\/rusynsociety.com\/\"},{\"@type\":\"ListItem\",\"position\":2,\"name\":\"About\"}]},{\"@type\":\"WebSite\",\"@id\":\"https:\/\/rusynsociety.com\/#website\",\"url\":\"https:\/\/rusynsociety.com\/\",\"name\":\"The Society for Rusyn Evolution\",\"description\":\"\",\"publisher\":{\"@id\":\"https:\/\/rusynsociety.com\/#organization\"},\"potentialAction\":[{\"@type\":\"SearchAction\",\"target\":{\"@type\":\"EntryPoint\",\"urlTemplate\":\"https:\/\/rusynsociety.com\/?s={search_term_string}\"},\"query-input\":{\"@type\":\"PropertyValueSpecification\",\"valueRequired\":true,\"valueName\":\"search_term_string\"}}],\"inLanguage\":\"rul\"},{\"@type\":\"Organization\",\"@id\":\"https:\/\/rusynsociety.com\/#organization\",\"name\":\"Society For Rusyn Evolution\",\"url\":\"https:\/\/rusynsociety.com\/\",\"logo\":{\"@type\":\"ImageObject\",\"inLanguage\":\"rul\",\"@id\":\"https:\/\/rusynsociety.com\/#\/schema\/logo\/image\/\",\"url\":\"https:\/\/rusynsociety.com\/wp-content\/uploads\/2025\/06\/cropped-cropped-SRE-Logo-Black-White-Complete-new.png\",\"contentUrl\":\"https:\/\/rusynsociety.com\/wp-content\/uploads\/2025\/06\/cropped-cropped-SRE-Logo-Black-White-Complete-new.png\",\"width\":1360,\"height\":1007,\"caption\":\"Society For Rusyn Evolution\"},\"image\":{\"@id\":\"https:\/\/rusynsociety.com\/#\/schema\/logo\/image\/\"},\"sameAs\":[\"https:\/\/www.facebook.com\/rusynsociety\",\"https:\/\/x.com\/rusyn_society\"]}]}<\/script>\n<!-- \/ Yoast SEO plugin. -->","yoast_head_json":{"title":"About - The Society for Rusyn Evolution","robots":{"index":"index","follow":"follow","max-snippet":"max-snippet:-1","max-image-preview":"max-image-preview:large","max-video-preview":"max-video-preview:-1"},"canonical":"https:\/\/rusynsociety.com\/rul\/about-rls\/","og_locale":"ru_RU","og_type":"article","og_title":"About - The Society for Rusyn Evolution","og_description":"The Society for Rusyn Evolution is a think tank founded in October 2020 by Starik Pollock. Our mission [&hellip;]","og_url":"https:\/\/rusynsociety.com\/rul\/about-rls\/","og_site_name":"The Society for Rusyn Evolution","article_publisher":"https:\/\/www.facebook.com\/rusynsociety","article_modified_time":"2023-12-05T21:49:29+00:00","og_image":[{"url":"https:\/\/rusynsociety.com\/wp-content\/uploads\/2022\/02\/pexels-buy-dronephoto-3879244-e1701812074685.jpg","type":"","width":"","height":""}],"twitter_card":"summary_large_image","twitter_site":"@rusyn_society","twitter_misc":{"Est. reading time":"2 minutes"},"schema":{"@context":"https:\/\/schema.org","@graph":[{"@type":"WebPage","@id":"https:\/\/rusynsociety.com\/about-rls\/","url":"https:\/\/rusynsociety.com\/about-rls\/","name":"About - The Society for Rusyn Evolution","isPartOf":{"@id":"https:\/\/rusynsociety.com\/#website"},"primaryImageOfPage":{"@id":"https:\/\/rusynsociety.com\/about-rls\/#primaryimage"},"image":{"@id":"https:\/\/rusynsociety.com\/about-rls\/#primaryimage"},"thumbnailUrl":"https:\/\/rusynsociety.com\/wp-content\/uploads\/2022\/02\/pexels-buy-dronephoto-3879244-e1701812074685.jpg","datePublished":"2021-07-19T19:47:02+00:00","dateModified":"2023-12-05T21:49:29+00:00","breadcrumb":{"@id":"https:\/\/rusynsociety.com\/about-rls\/#breadcrumb"},"inLanguage":"rul","potentialAction":[{"@type":"ReadAction","target":["https:\/\/rusynsociety.com\/about-rls\/"]}]},{"@type":"ImageObject","inLanguage":"rul","@id":"https:\/\/rusynsociety.com\/about-rls\/#primaryimage","url":"https:\/\/rusynsociety.com\/wp-content\/uploads\/2022\/02\/pexels-buy-dronephoto-3879244-e1701812074685.jpg","contentUrl":"https:\/\/rusynsociety.com\/wp-content\/uploads\/2022\/02\/pexels-buy-dronephoto-3879244-e1701812074685.jpg"},{"@type":"BreadcrumbList","@id":"https:\/\/rusynsociety.com\/about-rls\/#breadcrumb","itemListElement":[{"@type":"ListItem","position":1,"name":"Home","item":"https:\/\/rusynsociety.com\/"},{"@type":"ListItem","position":2,"name":"About"}]},{"@type":"WebSite","@id":"https:\/\/rusynsociety.com\/#website","url":"https:\/\/rusynsociety.com\/","name":"The Society for Rusyn Evolution","description":"","publisher":{"@id":"https:\/\/rusynsociety.com\/#organization"},"potentialAction":[{"@type":"SearchAction","target":{"@type":"EntryPoint","urlTemplate":"https:\/\/rusynsociety.com\/?s={search_term_string}"},"query-input":{"@type":"PropertyValueSpecification","valueRequired":true,"valueName":"search_term_string"}}],"inLanguage":"rul"},{"@type":"Organization","@id":"https:\/\/rusynsociety.com\/#organization","name":"Ob\u0161\u010destvo pro rusyn'sk\u0177j rozvij","url":"https:\/\/rusynsociety.com\/","logo":{"@type":"ImageObject","inLanguage":"rul","@id":"https:\/\/rusynsociety.com\/#\/schema\/logo\/image\/","url":"https:\/\/rusynsociety.com\/wp-content\/uploads\/2025\/06\/cropped-cropped-SRE-Logo-Black-White-Complete-new.png","contentUrl":"https:\/\/rusynsociety.com\/wp-content\/uploads\/2025\/06\/cropped-cropped-SRE-Logo-Black-White-Complete-new.png","width":1360,"height":1007,"caption":"Society For Rusyn Evolution"},"image":{"@id":"https:\/\/rusynsociety.com\/#\/schema\/logo\/image\/"},"sameAs":["https:\/\/www.facebook.com\/rusynsociety","https:\/\/x.com\/rusyn_society"]}]}},"_links":{"self":[{"href":"https:\/\/rusynsociety.com\/rul\/wp-json\/wp\/v2\/pages\/813","targetHints":{"allow":["GET"]}}],"collection":[{"href":"https:\/\/rusynsociety.com\/rul\/wp-json\/wp\/v2\/pages"}],"about":[{"href":"https:\/\/rusynsociety.com\/rul\/wp-json\/wp\/v2\/types\/page"}],"author":[{"embeddable":true,"href":"https:\/\/rusynsociety.com\/rul\/wp-json\/wp\/v2\/users\/1"}],"replies":[{"embeddable":true,"href":"https:\/\/rusynsociety.com\/rul\/wp-json\/wp\/v2\/comments?post=813"}],"version-history":[{"count":5,"href":"https:\/\/rusynsociety.com\/rul\/wp-json\/wp\/v2\/pages\/813\/revisions"}],"predecessor-version":[{"id":7376,"href":"https:\/\/rusynsociety.com\/rul\/wp-json\/wp\/v2\/pages\/813\/revisions\/7376"}],"wp:attachment":[{"href":"https:\/\/rusynsociety.com\/rul\/wp-json\/wp\/v2\/media?parent=813"}],"curies":[{"name":"wp","href":"https:\/\/api.w.org\/{rel}","templated":true}]}}