{"id":4545,"date":"2022-07-16T01:39:17","date_gmt":"2022-07-16T06:39:17","guid":{"rendered":"https:\/\/rusynsociety.com\/?page_id=4545"},"modified":"2022-07-16T01:46:56","modified_gmt":"2022-07-16T06:46:56","slug":"podcast","status":"publish","type":"page","link":"https:\/\/rusynsociety.com\/rul\/podcast\/","title":{"rendered":"Podkasty"},"content":{"rendered":"","protected":false},"excerpt":{"rendered":"","protected":false},"author":1,"featured_media":0,"parent":0,"menu_order":0,"comment_status":"closed","ping_status":"closed","template":"","meta":{"_acf_changed":false,"nf_dc_page":"","iawp_total_views":10,"footnotes":""},"class_list":["post-4545","page","type-page","status-publish","hentry"],"acf":[],"yoast_head":"<!-- This site is optimized with the Yoast SEO plugin v27.2 - https:\/\/yoast.com\/product\/yoast-seo-wordpress\/ -->\n<title>Podcasts - The Society for Rusyn Evolution<\/title>\n<meta name=\"robots\" content=\"index, follow, max-snippet:-1, max-image-preview:large, max-video-preview:-1\" \/>\n<link rel=\"canonical\" href=\"https:\/\/rusynsociety.com\/rul\/podcast\/\" \/>\n<meta property=\"og:locale\" content=\"ru_RU\" \/>\n<meta property=\"og:type\" content=\"article\" \/>\n<meta property=\"og:title\" content=\"Podcasts - The Society for Rusyn Evolution\" \/>\n<meta property=\"og:url\" content=\"https:\/\/rusynsociety.com\/rul\/podcast\/\" \/>\n<meta property=\"og:site_name\" content=\"The Society for Rusyn Evolution\" \/>\n<meta property=\"article:publisher\" content=\"https:\/\/www.facebook.com\/rusynsociety\" \/>\n<meta property=\"article:modified_time\" content=\"2022-07-16T06:46:56+00:00\" \/>\n<meta name=\"twitter:card\" content=\"summary_large_image\" \/>\n<meta name=\"twitter:site\" content=\"@rusyn_society\" \/>\n<script type=\"application\/ld+json\" class=\"yoast-schema-graph\">{\"@context\":\"https:\/\/schema.org\",\"@graph\":[{\"@type\":\"WebPage\",\"@id\":\"https:\/\/rusynsociety.com\/podcast\/\",\"url\":\"https:\/\/rusynsociety.com\/podcast\/\",\"name\":\"Podcasts - The Society for Rusyn Evolution\",\"isPartOf\":{\"@id\":\"https:\/\/rusynsociety.com\/#website\"},\"datePublished\":\"2022-07-16T06:39:17+00:00\",\"dateModified\":\"2022-07-16T06:46:56+00:00\",\"breadcrumb\":{\"@id\":\"https:\/\/rusynsociety.com\/podcast\/#breadcrumb\"},\"inLanguage\":\"rul\",\"potentialAction\":[{\"@type\":\"ReadAction\",\"target\":[\"https:\/\/rusynsociety.com\/podcast\/\"]}]},{\"@type\":\"BreadcrumbList\",\"@id\":\"https:\/\/rusynsociety.com\/podcast\/#breadcrumb\",\"itemListElement\":[{\"@type\":\"ListItem\",\"position\":1,\"name\":\"Home\",\"item\":\"https:\/\/rusynsociety.com\/\"},{\"@type\":\"ListItem\",\"position\":2,\"name\":\"Podcasts\"}]},{\"@type\":\"WebSite\",\"@id\":\"https:\/\/rusynsociety.com\/#website\",\"url\":\"https:\/\/rusynsociety.com\/\",\"name\":\"The Society for Rusyn Evolution\",\"description\":\"\",\"publisher\":{\"@id\":\"https:\/\/rusynsociety.com\/#organization\"},\"potentialAction\":[{\"@type\":\"SearchAction\",\"target\":{\"@type\":\"EntryPoint\",\"urlTemplate\":\"https:\/\/rusynsociety.com\/?s={search_term_string}\"},\"query-input\":{\"@type\":\"PropertyValueSpecification\",\"valueRequired\":true,\"valueName\":\"search_term_string\"}}],\"inLanguage\":\"rul\"},{\"@type\":\"Organization\",\"@id\":\"https:\/\/rusynsociety.com\/#organization\",\"name\":\"Society For Rusyn Evolution\",\"url\":\"https:\/\/rusynsociety.com\/\",\"logo\":{\"@type\":\"ImageObject\",\"inLanguage\":\"rul\",\"@id\":\"https:\/\/rusynsociety.com\/#\/schema\/logo\/image\/\",\"url\":\"https:\/\/rusynsociety.com\/wp-content\/uploads\/2025\/06\/cropped-cropped-SRE-Logo-Black-White-Complete-new.png\",\"contentUrl\":\"https:\/\/rusynsociety.com\/wp-content\/uploads\/2025\/06\/cropped-cropped-SRE-Logo-Black-White-Complete-new.png\",\"width\":1360,\"height\":1007,\"caption\":\"Society For Rusyn Evolution\"},\"image\":{\"@id\":\"https:\/\/rusynsociety.com\/#\/schema\/logo\/image\/\"},\"sameAs\":[\"https:\/\/www.facebook.com\/rusynsociety\",\"https:\/\/x.com\/rusyn_society\"]}]}<\/script>\n<!-- \/ Yoast SEO plugin. -->","yoast_head_json":{"title":"Podcasts - The Society for Rusyn Evolution","robots":{"index":"index","follow":"follow","max-snippet":"max-snippet:-1","max-image-preview":"max-image-preview:large","max-video-preview":"max-video-preview:-1"},"canonical":"https:\/\/rusynsociety.com\/rul\/podcast\/","og_locale":"ru_RU","og_type":"article","og_title":"Podcasts - The Society for Rusyn Evolution","og_url":"https:\/\/rusynsociety.com\/rul\/podcast\/","og_site_name":"The Society for Rusyn Evolution","article_publisher":"https:\/\/www.facebook.com\/rusynsociety","article_modified_time":"2022-07-16T06:46:56+00:00","twitter_card":"summary_large_image","twitter_site":"@rusyn_society","schema":{"@context":"https:\/\/schema.org","@graph":[{"@type":"WebPage","@id":"https:\/\/rusynsociety.com\/podcast\/","url":"https:\/\/rusynsociety.com\/podcast\/","name":"Podcasts - The Society for Rusyn Evolution","isPartOf":{"@id":"https:\/\/rusynsociety.com\/#website"},"datePublished":"2022-07-16T06:39:17+00:00","dateModified":"2022-07-16T06:46:56+00:00","breadcrumb":{"@id":"https:\/\/rusynsociety.com\/podcast\/#breadcrumb"},"inLanguage":"rul","potentialAction":[{"@type":"ReadAction","target":["https:\/\/rusynsociety.com\/podcast\/"]}]},{"@type":"BreadcrumbList","@id":"https:\/\/rusynsociety.com\/podcast\/#breadcrumb","itemListElement":[{"@type":"ListItem","position":1,"name":"Home","item":"https:\/\/rusynsociety.com\/"},{"@type":"ListItem","position":2,"name":"Podcasts"}]},{"@type":"WebSite","@id":"https:\/\/rusynsociety.com\/#website","url":"https:\/\/rusynsociety.com\/","name":"The Society for Rusyn Evolution","description":"","publisher":{"@id":"https:\/\/rusynsociety.com\/#organization"},"potentialAction":[{"@type":"SearchAction","target":{"@type":"EntryPoint","urlTemplate":"https:\/\/rusynsociety.com\/?s={search_term_string}"},"query-input":{"@type":"PropertyValueSpecification","valueRequired":true,"valueName":"search_term_string"}}],"inLanguage":"rul"},{"@type":"Organization","@id":"https:\/\/rusynsociety.com\/#organization","name":"Ob\u0161\u010destvo pro rusyn'sk\u0177j rozvij","url":"https:\/\/rusynsociety.com\/","logo":{"@type":"ImageObject","inLanguage":"rul","@id":"https:\/\/rusynsociety.com\/#\/schema\/logo\/image\/","url":"https:\/\/rusynsociety.com\/wp-content\/uploads\/2025\/06\/cropped-cropped-SRE-Logo-Black-White-Complete-new.png","contentUrl":"https:\/\/rusynsociety.com\/wp-content\/uploads\/2025\/06\/cropped-cropped-SRE-Logo-Black-White-Complete-new.png","width":1360,"height":1007,"caption":"Society For Rusyn Evolution"},"image":{"@id":"https:\/\/rusynsociety.com\/#\/schema\/logo\/image\/"},"sameAs":["https:\/\/www.facebook.com\/rusynsociety","https:\/\/x.com\/rusyn_society"]}]}},"_links":{"self":[{"href":"https:\/\/rusynsociety.com\/rul\/wp-json\/wp\/v2\/pages\/4545","targetHints":{"allow":["GET"]}}],"collection":[{"href":"https:\/\/rusynsociety.com\/rul\/wp-json\/wp\/v2\/pages"}],"about":[{"href":"https:\/\/rusynsociety.com\/rul\/wp-json\/wp\/v2\/types\/page"}],"author":[{"embeddable":true,"href":"https:\/\/rusynsociety.com\/rul\/wp-json\/wp\/v2\/users\/1"}],"replies":[{"embeddable":true,"href":"https:\/\/rusynsociety.com\/rul\/wp-json\/wp\/v2\/comments?post=4545"}],"version-history":[{"count":3,"href":"https:\/\/rusynsociety.com\/rul\/wp-json\/wp\/v2\/pages\/4545\/revisions"}],"predecessor-version":[{"id":4549,"href":"https:\/\/rusynsociety.com\/rul\/wp-json\/wp\/v2\/pages\/4545\/revisions\/4549"}],"wp:attachment":[{"href":"https:\/\/rusynsociety.com\/rul\/wp-json\/wp\/v2\/media?parent=4545"}],"curies":[{"name":"wp","href":"https:\/\/api.w.org\/{rel}","templated":true}]}}