{"id":276,"date":"2021-03-13T03:30:30","date_gmt":"2021-03-13T08:30:30","guid":{"rendered":"https:\/\/rusynsociety.com\/?page_id=276"},"modified":"2024-04-07T23:17:02","modified_gmt":"2024-04-08T04:17:02","slug":"submissions","status":"publish","type":"page","link":"https:\/\/rusynsociety.com\/rul\/submissions\/","title":{"rendered":"Podanja"},"content":{"rendered":"<div data-elementor-type=\"wp-page\" data-elementor-id=\"276\" class=\"elementor elementor-276\" data-elementor-post-type=\"page\">\n\t\t\t\t\t\t<section class=\"elementor-section elementor-top-section elementor-element elementor-element-f0a9361 elementor-section-boxed elementor-section-height-default elementor-section-height-default\" data-id=\"f0a9361\" data-element_type=\"section\" data-e-type=\"section\">\n\t\t\t\t\t\t<div class=\"elementor-container elementor-column-gap-default\">\n\t\t\t\t\t<div class=\"elementor-column elementor-col-100 elementor-top-column elementor-element elementor-element-e3c54aa\" data-id=\"e3c54aa\" data-element_type=\"column\" data-e-type=\"column\">\n\t\t\t<div class=\"elementor-widget-wrap elementor-element-populated\">\n\t\t\t\t\t\t<div class=\"elementor-element elementor-element-bda66d3 elementor-widget elementor-widget-text-editor\" data-id=\"bda66d3\" data-element_type=\"widget\" data-e-type=\"widget\" data-widget_type=\"text-editor.default\">\n\t\t\t\t<div class=\"elementor-widget-container\">\n\t\t\t\t\t\t\t\t\t<p>Welcome to the Society for Rusyn Evolution submission page. Our goal in the introduction of the SRE op-ed section is to help develop the minds of up-and-coming leaders in the international Rusyn world. In this thought, in can be said that we are interested in publishing all areas of intellectual ambitions, ranging from artistic creativity to geopolitics. Guest submissions are allowed in our monthly schedule at the discretion of our editors.<\/p>\n<p>Skoro v\u0161ytki na\u0161i rozdil\u0177 j storunk\u0177 (okrem sam\u0177ch statyj) podajeme v dvojaz\u0177\u010dnum formatovy, t.je. Po-anglic'k\u0177 aj po-rusyn'sk\u0177. Cho\u010deme, \u017eeb\u0177 na\u0161a organizacija b\u0177la dostupna v\u0161ytk\u0177m obicjavu\u010d\u0177m nadiju avtoram, ne pozeraju\u010dy na toto, z kotr\u0177m yz t\u0177ch jaz\u0177ku ony rosly. Pravo komentovanja mavut u\u0161\u0177tki registrovan\u0177 chosnovateli-Rusyn\u0177, doki \u010destuvut pravyla sajta. V\u0177ymku ly\u0161ajeme pro t\u0177ch Nerusyniv, \u0161to mavut hluboku z'jaz' yz rusyn'sk\u0177m svitom.<\/p>\t\t\t\t\t\t\t\t<\/div>\n\t\t\t\t<\/div>\n\t\t\t\t\t<\/div>\n\t\t<\/div>\n\t\t\t\t\t<\/div>\n\t\t<\/section>\n\t\t\t\t<section class=\"elementor-section elementor-top-section elementor-element elementor-element-e85cb9d elementor-section-boxed elementor-section-height-default elementor-section-height-default\" data-id=\"e85cb9d\" data-element_type=\"section\" data-e-type=\"section\">\n\t\t\t\t\t\t<div class=\"elementor-container elementor-column-gap-default\">\n\t\t\t\t\t<div class=\"elementor-column elementor-col-50 elementor-top-column elementor-element elementor-element-a5341b5\" data-id=\"a5341b5\" data-element_type=\"column\" data-e-type=\"column\">\n\t\t\t<div class=\"elementor-widget-wrap elementor-element-populated\">\n\t\t\t\t\t\t<div class=\"elementor-element elementor-element-be8e3c5 elementor-widget elementor-widget-text-editor\" data-id=\"be8e3c5\" data-element_type=\"widget\" data-e-type=\"widget\" data-widget_type=\"text-editor.default\">\n\t\t\t\t<div class=\"elementor-widget-container\">\n\t\t\t\t\t\t\t\t\t<p><strong>Q: Do you publish all submitted works?<\/strong><\/p><p>A: While we won\u2019t state the exact percentage of articles we accept; it is usually below half of all submitted works. Selection for publication is up to the discretion of our editor team.<\/p><p><strong>Q: Can I resubmit rejected articles and stories?<\/strong><\/p><p>A: Generally articles that receive only a rejection email without any suggestion of resubmission will not be taken into consideration.<\/p><p><strong>Q: How many times can I get published?<\/strong><\/p><p>A: Authors are limited to being selected once a month, though this is very rare to happen without a formal offer to be a columnist.<\/p><p><strong>Q: How much do you pay for chosen submissions?<\/strong><\/p><p>A: $25 USD for Op-eds<\/p><p><strong>Q: How do you pay authors for their articles?<\/strong><\/p><p>A: We use PayPal and Western Union to pay authors.<\/p><p><strong>Q: Are you funded by the Russian or Hungarian government?<\/strong><\/p><p>A: No we are an independent organization. If we do receive donations above $35,000 they will be placed on our mission page for sake of transparency.<\/p><p><strong>Q: When do you accept submissions?<\/strong><\/p><p>A: Submissions are open on a revolving basis. Those submitted during the second half of a given month will usually be published later than those submitted earlier.<\/p><p><strong>Q: Do you have to be Rusyn to be accepted?<\/strong><\/p><p>A: You are eligible for being selected if you have at least one biological great-grandparent of Rusyn ethnicity, adopted by Rusyn parents, or are married to someone of Rusyn heritage.<\/p><p><strong>Q: How do I send submissions to SRE?<\/strong><\/p><p>A: Both editors have different styles for accepting submissions. Check out below for more information.<\/p>\t\t\t\t\t\t\t\t<\/div>\n\t\t\t\t<\/div>\n\t\t\t\t\t<\/div>\n\t\t<\/div>\n\t\t\t\t<div class=\"elementor-column elementor-col-50 elementor-top-column elementor-element elementor-element-8f235d5\" data-id=\"8f235d5\" data-element_type=\"column\" data-e-type=\"column\">\n\t\t\t<div class=\"elementor-widget-wrap elementor-element-populated\">\n\t\t\t\t\t\t<div class=\"elementor-element elementor-element-63a895c elementor-widget elementor-widget-text-editor\" data-id=\"63a895c\" data-element_type=\"widget\" data-e-type=\"widget\" data-widget_type=\"text-editor.default\">\n\t\t\t\t<div class=\"elementor-widget-container\">\n\t\t\t\t\t\t\t\t\t<p><strong>\u0426\u0438 \u043f\u0443\u0431\u043b\u0456\u043a\u0443\u0454\u0442\u0435 \u0432\u0448\u0438\u0442\u043a\u0456 \u043f\u043e\u0434\u0430\u043d\u0456 \u0441\u0442\u0430\u0442\u0456 \u0439 \u0442\u0432\u043e\u0440\u044b?<\/strong><\/p><div>\u2013 Ne naz\u0177vavu\u010dy to\u010dn\u0177j procent pryjat\u0177ch statej, z pravyla toto men\u0161e, jak polovka od zahnat\u0177ch robut. V\u0177beran'om robut pro publykaciju sja zanymavut na\u0161i redaktor\u0177.<\/div><div>\u00a0<\/div><p><strong>Moju statju cy tvor ne pryjaly, cy mo\u017e jich bude zahnaty zas'?<\/strong><\/p><p>\u2013 Taku mo\u017enost' ly\u0161ajeme lem pro material\u0177, kotri s'me proponovaly zahnaty zas'.<\/p><p><strong>Jak \u010dasto sja mo\u017e u vas publykovaty?<\/strong><\/p><p>\u2013 Jednoho avtora v\u0177berajeme maksymum raz na misjac'. U tum trafunku ob\u0177\u010dno proponujeme staty oficijn\u0177m regularn\u0177m avtorom (kolumnistom).<\/p><p><strong>Kiljko platyte za v\u0177bran\u0177 material\u0177?<\/strong><\/p><p>\u2013 Honorar je 25$ usd za stati-komentari<\/p><p><strong>Jak platyte avtorum za material\u0177?<\/strong><\/p><p>\u2013 Honorar\u0177 platyme \u010derez Paypal i Western Union.<\/p><p><strong>Vas sponzoruje rosyjska cy madjar'ska vlada?<\/strong><\/p><p>\u2013 \u041d\u044c\u0438\u0442, \u0454\u0441\u044c\u043c\u0435 \u043d\u0435\u0437\u0430\u0432\u0438\u0441\u0438\u043c\u0430 \u043e\u0440\u0491\u0430\u043d\u0456\u0437\u0430\u0446\u0456\u044f. \u041a\u0456\u0434\u044c \u0434\u0430\u043a\u043e\u043b\u0438 \u0434\u0443\u0441\u0442\u0430\u043d\u0435\u043c\u0435 \u0436\u0435\u0440\u0442\u0432\u043e\u0432\u0430\u043d\u044f \u043d\u0430\u0434 35 000$, \u0442\u0430 \u043d\u0430\u0440\u0430\u0437 \u0434\u0430\u043c\u0435 \u0456\u043d\u0444\u043e\u0440\u043c\u0430\u0446\u0456\u044e \u043d\u0430 \u0441\u0442\u043e\u0440\u0443\u043d\u043a\u0443 &#8220;\u0437\u0430 \u043d\u0430\u0441&#8221; \u0437\u0430 \u043f\u0440\u043e\u0437\u043d\u0430\u0447\u043d\u043e\u0441\u0442\u044c.<\/p><p><strong>Koly sja prynymavut material\u0177?<\/strong><\/p><p>\u2013 Prynymajut sja furt. Kam maj skoro bude podan\u0177j material, t\u0177m skor\u0161e hoden b\u0177ty pryjat\u0177j y opublykovan\u0177j (u bul\u0161yni trafunku).<\/p><p><strong>Cy treba b\u0177ty rusynom, \u017eeb\u0177 zahnaty material?<\/strong><\/p><p>\u2013 Material\u0177 sja prynymajut od avtoru, \u0161to sut rusynamy po rodu (chot' jeden praprarody\u010d), v\u0177rosly v rusyn'skuj rodyni, avad' prylu\u010dyly sja do rusyn'skoj rodyn\u0177 \u010derez mu\u017ea abo \u017eonu.<\/p><p><strong>Jak zahnaty material do ORR?<\/strong><\/p><p>\u2013 Zale\u017eyt od toho, kotromu redaktorovy ho zahanjajete. Bul\u0161e informaciji najdete dolu.<\/p>\t\t\t\t\t\t\t\t<\/div>\n\t\t\t\t<\/div>\n\t\t\t\t\t<\/div>\n\t\t<\/div>\n\t\t\t\t\t<\/div>\n\t\t<\/section>\n\t\t\t\t<section class=\"elementor-section elementor-top-section elementor-element elementor-element-ed17a2a elementor-section-boxed elementor-section-height-default elementor-section-height-default\" data-id=\"ed17a2a\" data-element_type=\"section\" data-e-type=\"section\">\n\t\t\t\t\t\t<div class=\"elementor-container elementor-column-gap-default\">\n\t\t\t\t\t<div class=\"elementor-column elementor-col-50 elementor-top-column elementor-element elementor-element-e12fb84\" data-id=\"e12fb84\" data-element_type=\"column\" data-e-type=\"column\">\n\t\t\t<div class=\"elementor-widget-wrap elementor-element-populated\">\n\t\t\t\t\t\t<div class=\"elementor-element elementor-element-4323b32 elementor-widget elementor-widget-text-editor\" data-id=\"4323b32\" data-element_type=\"widget\" data-e-type=\"widget\" data-widget_type=\"text-editor.default\">\n\t\t\t\t<div class=\"elementor-widget-container\">\n\t\t\t\t\t\t\t\t\t<p><strong>SUBMISSION GUIDELINES<\/strong><\/p><ul>\n<li>Send to&nbsp;<a href=\"mailto:starik_editor@rusynsociety.com\">starik_editor@rusynsociety.com<\/a>&nbsp;with the title of your article in the subject line followed by your name. (Example: \u201cWe need to work together\u201d \u2013 Starik Pollock). Please follow these rules for the sake of helping organization on our part. We cannot guarantee they will be looked at otherwise.<\/li>\n<li>Include a brief 4-5 sentence summary at the beginning of your email, as well as why you think your article should be chosen.<\/li>\n<li>Attach your article to the email by either .docx or .pdf. Any other file format will not be considered.<\/li>\n<li>State in your email that if your article is chosen it will remain&nbsp;<strong>exclusive to SRE for 24 months.&nbsp;<\/strong>After 24 months you are free to publish it elsewhere.<\/li>\n<\/ul>\n<p>If selected you will receive an email asking if you are sure you want your work published. You will have 48 hours from the time of the email to respond yes or no. Answering yes also gives us permission to make minor grammatical changes or fix spelling mistakes.<\/p>\t\t\t\t\t\t\t\t<\/div>\n\t\t\t\t<\/div>\n\t\t\t\t\t<\/div>\n\t\t<\/div>\n\t\t\t\t<div class=\"elementor-column elementor-col-50 elementor-top-column elementor-element elementor-element-de82cfd\" data-id=\"de82cfd\" data-element_type=\"column\" data-e-type=\"column\">\n\t\t\t<div class=\"elementor-widget-wrap elementor-element-populated\">\n\t\t\t\t\t\t<div class=\"elementor-element elementor-element-6a39e18 elementor-widget elementor-widget-text-editor\" data-id=\"6a39e18\" data-element_type=\"widget\" data-e-type=\"widget\" data-widget_type=\"text-editor.default\">\n\t\t\t\t<div class=\"elementor-widget-container\">\n\t\t\t\t\t\t\t\t\t<p><strong>PRAVYLA PODAVANJA MATERIALU<\/strong><\/p><p>\u041d\u0430\u043f\u0438\u0448\u0442\u0435 \u0456\u043c\u0435\u0439\u043b \u043d\u0430\u00a0rusyn_editor@rusynsociety.com\u00a0\u0443 \u0441\u044f\u043a\u0443\u043c \u0444\u043e\u0440\u043c\u0430\u0442\u043e\u0432\u0438:<\/p><ul><li>Do tem\u0177 napy\u0161te nazvu y svoje ymnja;<\/li><li>Dajte kurtu informaciju za material y joho avtora;<\/li><li>\u041f\u0443\u0434\u0442\u0432\u0435\u0440\u0434\u044c\u0442\u0435, \u0436\u0435 \u043a\u0456\u0434\u044c \u043c\u0430\u0442\u0435\u0440\u0456\u0430\u043b \u0431\u0443\u0434\u0435 \u0432\u044b\u0431\u0440\u0430\u043d\u044b\u0439,\u00a0\u043f\u0440\u0430\u0432\u043e \u043f\u0443\u0431\u043b\u0438\u043a\u0430\u0446\u0456\u0457 \u043d\u0430\u043b\u0435\u0436\u0438\u0442 <strong>\u043b\u0435\u043c \u041e\u0420\u0420 \u043d\u0430 \u0434\u043e\u0431\u0443 24 \u043c\u0456\u0441\u044f\u0446\u0456\u0432.<\/strong> \u041f\u043e 24 \u043c\u0456\u0441\u044f\u0446\u044c\u043e\u0445 \u043c\u043e\u0436\u0435\u0442\u0435 \u043f\u0443\u0431\u043b\u0438\u043a\u043e\u0432\u0430\u0442\u0438 \u043c\u0430\u0442\u0435\u0440\u0456\u0430\u043b \u0438\u043d\u0434\u0435.<\/li><li>\u0414\u043e\u043b\u0443\u0447\u0442\u0435 \u043c\u0430\u0442\u0435\u0440\u0456\u0430\u043b \u0434\u043e \u043f\u0438\u0441\u043c\u0430 \u0433\u0438 \u0434\u043e\u043a\u0443\u043c\u0435\u043d\u0442 \u0444\u043e\u0440\u043c\u0430\u0442\u0430 .doc, .docx \u0430\u0432\u0430\u0434\u044c .pdf<\/li><\/ul><p>\u041a\u0456\u0434\u044c \u043c\u0430\u0442\u0435\u0440\u0456\u0430\u043b \u0431\u0443\u0434\u0435 \u0432\u044b\u0431\u0440\u0430\u043d\u044b\u0439, \u043d\u0430\u043f\u0438\u0448\u0435\u043c\u0435 \u0432\u0430\u043c, \u0436\u0435\u0431\u044b\u00a0\u0441\u044c\u0442\u0435 \u043f\u0443\u0434\u0442\u0432\u0435\u0440\u0434\u0438\u043b\u0438 \u043f\u0443\u0431\u043b\u0438\u043a\u0430\u0446\u0456\u044e \u0440\u043e\u0431\u043e\u0442\u044b. \u0423 \u0441\u044f\u043a\u0443\u043c \u0442\u0440\u0430\u0444\u0443\u043d\u043a\u0443 \u043c\u0443\u0441\u0438\u0442\u0435 \u043f\u0443\u0434\u0442\u0432\u0435\u0440\u0434\u0438\u0442\u0438 \u0441\u0432\u043e\u044e \u0443\u0447\u0430\u0441\u0442\u044c \u043c\u0430\u0439 \u043f\u0443\u0437\u043d\u043e \u0447\u0435\u0440\u0435\u0437 48 \u0433\u043e\u0434\u0438\u043d. \u041f\u0443\u0434\u0442\u0432\u0435\u0440\u0434\u0436\u0435\u043d\u044c\u043e\u043c \u0443\u0447\u0430\u0441\u0442\u0438 \u0434\u0430\u0454\u0442\u0435 \u0441\u043e\u0433\u043b\u0430\u0441 \u043d\u0430 \u0434\u0440\u0443\u0431\u043d\u0456 \u0491\u0440\u0430\u043c\u0430\u0442\u0438\u0447\u043d\u0456\u00a0\u0437\u043c\u0456\u043d\u044b\u00a0\u0446\u0438 \u043e\u0440\u0444\u043e\u0491\u0440\u0430\u0444\u0456\u0447\u043d\u0456 \u043f\u043e\u043f\u0440\u0430\u0432\u043a\u044b.<\/p>\t\t\t\t\t\t\t\t<\/div>\n\t\t\t\t<\/div>\n\t\t\t\t\t<\/div>\n\t\t<\/div>\n\t\t\t\t\t<\/div>\n\t\t<\/section>\n\t\t\t\t<\/div>","protected":false},"excerpt":{"rendered":"<p>Welcome to the Society for Rusyn Evolution submission page. Our goal in the introduction of the SRE op-ed [&hellip;]<\/p>\n","protected":false},"author":1,"featured_media":0,"parent":0,"menu_order":0,"comment_status":"closed","ping_status":"closed","template":"","meta":{"_acf_changed":false,"nf_dc_page":"","iawp_total_views":21,"footnotes":""},"class_list":["post-276","page","type-page","status-publish","hentry"],"acf":[],"yoast_head":"<!-- This site is optimized with the Yoast SEO plugin v27.2 - https:\/\/yoast.com\/product\/yoast-seo-wordpress\/ -->\n<title>Submissions - The Society for Rusyn Evolution<\/title>\n<meta name=\"robots\" content=\"index, follow, max-snippet:-1, max-image-preview:large, max-video-preview:-1\" \/>\n<link rel=\"canonical\" href=\"https:\/\/rusynsociety.com\/rul\/submissions\/\" \/>\n<meta property=\"og:locale\" content=\"ru_RU\" \/>\n<meta property=\"og:type\" content=\"article\" \/>\n<meta property=\"og:title\" content=\"Submissions - The Society for Rusyn Evolution\" \/>\n<meta property=\"og:description\" content=\"Welcome to the Society for Rusyn Evolution submission page. Our goal in the introduction of the SRE op-ed [&hellip;]\" \/>\n<meta property=\"og:url\" content=\"https:\/\/rusynsociety.com\/rul\/submissions\/\" \/>\n<meta property=\"og:site_name\" content=\"The Society for Rusyn Evolution\" \/>\n<meta property=\"article:publisher\" content=\"https:\/\/www.facebook.com\/rusynsociety\" \/>\n<meta property=\"article:modified_time\" content=\"2024-04-08T04:17:02+00:00\" \/>\n<meta name=\"twitter:card\" content=\"summary_large_image\" \/>\n<meta name=\"twitter:site\" content=\"@rusyn_society\" \/>\n<meta name=\"twitter:label1\" content=\"Est. reading time\" \/>\n\t<meta name=\"twitter:data1\" content=\"4 minutes\" \/>\n<script type=\"application\/ld+json\" class=\"yoast-schema-graph\">{\"@context\":\"https:\/\/schema.org\",\"@graph\":[{\"@type\":\"WebPage\",\"@id\":\"https:\/\/rusynsociety.com\/submissions\/\",\"url\":\"https:\/\/rusynsociety.com\/submissions\/\",\"name\":\"Submissions - The Society for Rusyn Evolution\",\"isPartOf\":{\"@id\":\"https:\/\/rusynsociety.com\/#website\"},\"datePublished\":\"2021-03-13T08:30:30+00:00\",\"dateModified\":\"2024-04-08T04:17:02+00:00\",\"breadcrumb\":{\"@id\":\"https:\/\/rusynsociety.com\/submissions\/#breadcrumb\"},\"inLanguage\":\"rul\",\"potentialAction\":[{\"@type\":\"ReadAction\",\"target\":[\"https:\/\/rusynsociety.com\/submissions\/\"]}]},{\"@type\":\"BreadcrumbList\",\"@id\":\"https:\/\/rusynsociety.com\/submissions\/#breadcrumb\",\"itemListElement\":[{\"@type\":\"ListItem\",\"position\":1,\"name\":\"Home\",\"item\":\"https:\/\/rusynsociety.com\/\"},{\"@type\":\"ListItem\",\"position\":2,\"name\":\"Submissions\"}]},{\"@type\":\"WebSite\",\"@id\":\"https:\/\/rusynsociety.com\/#website\",\"url\":\"https:\/\/rusynsociety.com\/\",\"name\":\"The Society for Rusyn Evolution\",\"description\":\"\",\"publisher\":{\"@id\":\"https:\/\/rusynsociety.com\/#organization\"},\"potentialAction\":[{\"@type\":\"SearchAction\",\"target\":{\"@type\":\"EntryPoint\",\"urlTemplate\":\"https:\/\/rusynsociety.com\/?s={search_term_string}\"},\"query-input\":{\"@type\":\"PropertyValueSpecification\",\"valueRequired\":true,\"valueName\":\"search_term_string\"}}],\"inLanguage\":\"rul\"},{\"@type\":\"Organization\",\"@id\":\"https:\/\/rusynsociety.com\/#organization\",\"name\":\"Society For Rusyn Evolution\",\"url\":\"https:\/\/rusynsociety.com\/\",\"logo\":{\"@type\":\"ImageObject\",\"inLanguage\":\"rul\",\"@id\":\"https:\/\/rusynsociety.com\/#\/schema\/logo\/image\/\",\"url\":\"https:\/\/rusynsociety.com\/wp-content\/uploads\/2025\/06\/cropped-cropped-SRE-Logo-Black-White-Complete-new.png\",\"contentUrl\":\"https:\/\/rusynsociety.com\/wp-content\/uploads\/2025\/06\/cropped-cropped-SRE-Logo-Black-White-Complete-new.png\",\"width\":1360,\"height\":1007,\"caption\":\"Society For Rusyn Evolution\"},\"image\":{\"@id\":\"https:\/\/rusynsociety.com\/#\/schema\/logo\/image\/\"},\"sameAs\":[\"https:\/\/www.facebook.com\/rusynsociety\",\"https:\/\/x.com\/rusyn_society\"]}]}<\/script>\n<!-- \/ Yoast SEO plugin. -->","yoast_head_json":{"title":"Submissions - The Society for Rusyn Evolution","robots":{"index":"index","follow":"follow","max-snippet":"max-snippet:-1","max-image-preview":"max-image-preview:large","max-video-preview":"max-video-preview:-1"},"canonical":"https:\/\/rusynsociety.com\/rul\/submissions\/","og_locale":"ru_RU","og_type":"article","og_title":"Submissions - The Society for Rusyn Evolution","og_description":"Welcome to the Society for Rusyn Evolution submission page. Our goal in the introduction of the SRE op-ed [&hellip;]","og_url":"https:\/\/rusynsociety.com\/rul\/submissions\/","og_site_name":"The Society for Rusyn Evolution","article_publisher":"https:\/\/www.facebook.com\/rusynsociety","article_modified_time":"2024-04-08T04:17:02+00:00","twitter_card":"summary_large_image","twitter_site":"@rusyn_society","twitter_misc":{"Est. reading time":"4 minutes"},"schema":{"@context":"https:\/\/schema.org","@graph":[{"@type":"WebPage","@id":"https:\/\/rusynsociety.com\/submissions\/","url":"https:\/\/rusynsociety.com\/submissions\/","name":"Submissions - The Society for Rusyn Evolution","isPartOf":{"@id":"https:\/\/rusynsociety.com\/#website"},"datePublished":"2021-03-13T08:30:30+00:00","dateModified":"2024-04-08T04:17:02+00:00","breadcrumb":{"@id":"https:\/\/rusynsociety.com\/submissions\/#breadcrumb"},"inLanguage":"rul","potentialAction":[{"@type":"ReadAction","target":["https:\/\/rusynsociety.com\/submissions\/"]}]},{"@type":"BreadcrumbList","@id":"https:\/\/rusynsociety.com\/submissions\/#breadcrumb","itemListElement":[{"@type":"ListItem","position":1,"name":"Home","item":"https:\/\/rusynsociety.com\/"},{"@type":"ListItem","position":2,"name":"Submissions"}]},{"@type":"WebSite","@id":"https:\/\/rusynsociety.com\/#website","url":"https:\/\/rusynsociety.com\/","name":"The Society for Rusyn Evolution","description":"","publisher":{"@id":"https:\/\/rusynsociety.com\/#organization"},"potentialAction":[{"@type":"SearchAction","target":{"@type":"EntryPoint","urlTemplate":"https:\/\/rusynsociety.com\/?s={search_term_string}"},"query-input":{"@type":"PropertyValueSpecification","valueRequired":true,"valueName":"search_term_string"}}],"inLanguage":"rul"},{"@type":"Organization","@id":"https:\/\/rusynsociety.com\/#organization","name":"Ob\u0161\u010destvo pro rusyn'sk\u0177j rozvij","url":"https:\/\/rusynsociety.com\/","logo":{"@type":"ImageObject","inLanguage":"rul","@id":"https:\/\/rusynsociety.com\/#\/schema\/logo\/image\/","url":"https:\/\/rusynsociety.com\/wp-content\/uploads\/2025\/06\/cropped-cropped-SRE-Logo-Black-White-Complete-new.png","contentUrl":"https:\/\/rusynsociety.com\/wp-content\/uploads\/2025\/06\/cropped-cropped-SRE-Logo-Black-White-Complete-new.png","width":1360,"height":1007,"caption":"Society For Rusyn Evolution"},"image":{"@id":"https:\/\/rusynsociety.com\/#\/schema\/logo\/image\/"},"sameAs":["https:\/\/www.facebook.com\/rusynsociety","https:\/\/x.com\/rusyn_society"]}]}},"_links":{"self":[{"href":"https:\/\/rusynsociety.com\/rul\/wp-json\/wp\/v2\/pages\/276","targetHints":{"allow":["GET"]}}],"collection":[{"href":"https:\/\/rusynsociety.com\/rul\/wp-json\/wp\/v2\/pages"}],"about":[{"href":"https:\/\/rusynsociety.com\/rul\/wp-json\/wp\/v2\/types\/page"}],"author":[{"embeddable":true,"href":"https:\/\/rusynsociety.com\/rul\/wp-json\/wp\/v2\/users\/1"}],"replies":[{"embeddable":true,"href":"https:\/\/rusynsociety.com\/rul\/wp-json\/wp\/v2\/comments?post=276"}],"version-history":[{"count":5,"href":"https:\/\/rusynsociety.com\/rul\/wp-json\/wp\/v2\/pages\/276\/revisions"}],"predecessor-version":[{"id":7941,"href":"https:\/\/rusynsociety.com\/rul\/wp-json\/wp\/v2\/pages\/276\/revisions\/7941"}],"wp:attachment":[{"href":"https:\/\/rusynsociety.com\/rul\/wp-json\/wp\/v2\/media?parent=276"}],"curies":[{"name":"wp","href":"https:\/\/api.w.org\/{rel}","templated":true}]}}